{"id":842,"date":"2025-04-16T16:26:45","date_gmt":"2025-04-16T19:26:45","guid":{"rendered":"https:\/\/joseapel.net\/?page_id=842"},"modified":"2025-04-16T16:27:32","modified_gmt":"2025-04-16T19:27:32","slug":"biofilmografia","status":"publish","type":"page","link":"https:\/\/joseapel.net\/en\/biofilmografia\/","title":{"rendered":"Biofilmograf\u00eda"},"content":{"rendered":"<p data-block-type=\"core\">Jos\u00e9 David Apel<\/p>\n\n\n\n<hr class=\"wp-block-separator has-alpha-channel-opacity\">\n\n\n\n<p data-block-type=\"core\">Nac\u00ed el 21 de marzo de 1984 en la ciudad de Santa Fe, Argentina.<br>Soy egresado del Instituto Superior de Cine y Artes Audiovisuales Fernando Birri, en Santa Fe, y obtuve mi M\u00e1ster en Cine Documental en la EICTV, Cuba, en el a\u00f1o 2022.<br>En 2023 complet\u00e9 mi Maestr\u00eda en Postproducci\u00f3n de Sonido para Cine en EBS, Espa\u00f1a.<br>Me he formado en guion en Colombia, Nueva York y Bolivia, participando en los laboratorios de Cinefilia, FELT y Bolivia Lab en los a\u00f1os 2016, 2018 y 2019 respectivamente.<\/p>\n\n\n\n<p data-block-type=\"core\">Soy realizador audiovisual, m\u00fasico y escritor.<br>He publicado tres obras literarias:<br>\u2022 <em>Montefiore<\/em> (Editorial Croquis, 2009)<br>\u2022 <em>El amor existe atando leguas en el coraz\u00f3n<\/em> (Milena Caserola, 2010)<br>\u2022 <em>Esto no es una ficci\u00f3n<\/em> (400 Golpes, 2024)<\/p>\n\n\n\n<p data-block-type=\"core\">Me desempe\u00f1\u00e9 como productor y asistente de producci\u00f3n en pel\u00edculas y series del INCAA, entre ellas <em>Aire<\/em>, <em>Rinoceronte<\/em>, <em>Animalia<\/em> y <em>La Marcha<\/em>.<\/p>\n\n\n\n<p data-block-type=\"core\">Como director y productor he realizado cortometrajes y largometrajes documentales que han sido seleccionados en festivales de m\u00e1s de cincuenta pa\u00edses, obteniendo premios y menciones. Entre ellos se destacan:<br>\u2022 Gran Premio del Festival de Mestia, Georgia, por <em>La Alegor\u00eda de la Cueva<\/em> (2024).<br>\u2022 Gran Premio del Jurado en el Kansas City Underground Film Festival, Estados Unidos, por <em>La historia de un marinero<\/em> (2024).<\/p>\n\n\n\n<p data-block-type=\"core\">Actualmente trabajo como productor audiovisual, escritor, m\u00fasico, guionista y director.<\/p>\n\n\n\n<hr class=\"wp-block-separator has-alpha-channel-opacity\">\n\n\n\n<p data-block-type=\"core\"><\/p>","protected":false},"excerpt":{"rendered":"<p>Jos\u00e9 David Apel Nac\u00ed el 21 de marzo de 1984 en la ciudad de Santa Fe, Argentina.Soy egresado del Instituto Superior de Cine y Artes Audiovisuales Fernando Birri, en Santa Fe, y obtuve mi M\u00e1ster en Cine Documental en la EICTV, Cuba, en el a\u00f1o 2022.En 2023 complet\u00e9 mi Maestr\u00eda en Postproducci\u00f3n de Sonido para [&hellip;]<\/p>","protected":false},"author":1,"featured_media":0,"parent":0,"menu_order":0,"comment_status":"closed","ping_status":"closed","template":"","meta":{"footnotes":""},"class_list":["post-842","page","type-page","status-publish","hentry"],"blocksy_meta":[],"aioseo_notices":[],"jetpack_sharing_enabled":true,"_links":{"self":[{"href":"https:\/\/joseapel.net\/en\/wp-json\/wp\/v2\/pages\/842","targetHints":{"allow":["GET"]}}],"collection":[{"href":"https:\/\/joseapel.net\/en\/wp-json\/wp\/v2\/pages"}],"about":[{"href":"https:\/\/joseapel.net\/en\/wp-json\/wp\/v2\/types\/page"}],"author":[{"embeddable":true,"href":"https:\/\/joseapel.net\/en\/wp-json\/wp\/v2\/users\/1"}],"replies":[{"embeddable":true,"href":"https:\/\/joseapel.net\/en\/wp-json\/wp\/v2\/comments?post=842"}],"version-history":[{"count":1,"href":"https:\/\/joseapel.net\/en\/wp-json\/wp\/v2\/pages\/842\/revisions"}],"predecessor-version":[{"id":850,"href":"https:\/\/joseapel.net\/en\/wp-json\/wp\/v2\/pages\/842\/revisions\/850"}],"wp:attachment":[{"href":"https:\/\/joseapel.net\/en\/wp-json\/wp\/v2\/media?parent=842"}],"curies":[{"name":"wp","href":"https:\/\/api.w.org\/{rel}","templated":true}]}}