{"id":919,"date":"2025-04-16T18:24:54","date_gmt":"2025-04-16T21:24:54","guid":{"rendered":"https:\/\/joseapel.net\/?page_id=919"},"modified":"2025-04-17T13:21:27","modified_gmt":"2025-04-17T16:21:27","slug":"libros","status":"publish","type":"page","link":"https:\/\/joseapel.net\/en\/libros\/","title":{"rendered":"My Published Books"},"content":{"rendered":"<p class=\"has-palette-color-4-color has-text-color has-link-color wp-elements-702f716f9debb079f5366ffae53cfde6\" style=\"border-radius:0px;font-size:clamp(21.536px, 1.346rem + ((1vw - 3.2px) * 1.052), 35px);\" data-block-type=\"core\">On this page, you can explore my published literary works and click on each one to visit the purchase site.<\/p>\n\n\n\n<p data-block-type=\"core\"><\/p>\n\n\n\n<div class=\"wp-block-stackable-columns alignwide stk-block-columns stk-block stk-f815ce4\" data-block-id=\"f815ce4\"><style>.stk-f815ce4 {margin-bottom:11px !important;}<\/style><div class=\"stk-row stk-inner-blocks stk-block-content stk-content-align stk-f815ce4-column alignwide\">\n<div class=\"wp-block-stackable-column stk-block-column stk-column stk-block stk-903ff16\" data-v=\"4\" data-block-id=\"903ff16\"><div class=\"stk-column-wrapper stk-block-column__content stk-container stk-903ff16-container stk--no-background stk--no-padding\"><div class=\"stk-block-content stk-inner-blocks stk-903ff16-inner-blocks\">\n<div class=\"wp-block-stackable-columns stk-block-columns stk-block stk-7c838f2\" data-block-id=\"7c838f2\"><style>.stk-7c838f2-column{--stk-column-gap:32px !important;}<\/style><div class=\"stk-row stk-inner-blocks stk-block-content stk-content-align stk-7c838f2-column\">\n<div class=\"wp-block-stackable-column stk-block-column stk-column stk-block stk-303fb08\" data-v=\"4\" data-block-id=\"303fb08\"><style>.stk-303fb08-container{margin-top:0px !important;margin-right:0px !important;margin-bottom:0px !important;margin-left:0px !important;}<\/style><div class=\"stk-column-wrapper stk-block-column__content stk-container stk-303fb08-container stk--no-background stk--no-padding\"><div class=\"stk-block-content stk-inner-blocks stk-303fb08-inner-blocks\">\n<div class=\"wp-block-stackable-card stk-block-card stk-block stk-17ea2aa is-style-default\" data-v=\"2\" data-block-id=\"17ea2aa\"><style>.stk-17ea2aa .stk-block-card__image{height:690px !important;}<\/style><div class=\"stk--no-padding stk-container stk-17ea2aa-container stk-hover-parent\"><figure class=\"stk-block-card__image stk-img-wrapper stk-image--shape-stretch\"><img loading=\"lazy\" decoding=\"async\" class=\"stk-img wp-image-924\" src=\"http:\/\/joseapel.net\/wp-content\/uploads\/2025\/04\/Esto-no-es-una-ficcion-2-pdf.jpg\" width=\"2363\" height=\"3623\"\/><\/figure><div class=\"stk-container-padding stk-block-card__content\"><div class=\"stk-block-content stk-inner-blocks stk-17ea2aa-inner-blocks\">\n<div class=\"wp-block-stackable-heading stk-block-heading stk-block-heading--v2 stk-block stk-13c42d8\" id=\"esto-no-es-una-ficcion\" data-block-id=\"13c42d8\"><style>.stk-13c42d8 {margin-bottom:8px !important;}.stk-13c42d8 .stk-block-heading__text{color:var(--theme-palette-color-1, #e65616) !important;}<\/style><h3 class=\"stk-block-heading__text has-text-color\">Esto no es una ficci\u00f3n<\/h3><\/div>\n\n\n\n<div class=\"wp-block-stackable-text stk-block-text stk-block stk-ec1a3cd\" data-block-id=\"ec1a3cd\"><style>.stk-ec1a3cd {margin-bottom:32px !important;}<\/style><p class=\"stk-block-text__text\">Escrito en el a\u00f1o 2022.<br><br>Esto no es una ficci\u00f3n es mi \u00faltima obra literaria, en su pr\u00f3logo Silvia Beltran escritora premiada santafesina y directora de la editorial 400golpes, escribe lo siguiente:<\/p><\/div>\n\n\n\n<p data-block-type=\"core\"><strong>\u00abDesear\u00eda comenzar con el famoso descargo de responsabilidad que antecede, por lo general, al inicio de una pel\u00edcula basada en hechos reales: todo lo que se contar\u00e1 a partir de este momento, en este fragmento del relato, pertenece a la ficci\u00f3n. Cualquier parecido con la realidad es pura coincidencia. Pero no. Esto no es una ficci\u00f3n\u00bb.<\/strong><\/p>\n\n\n\n<p data-block-type=\"core\">Con este introito, escrito una ma\u00f1ana de junio de 2022 en Cuba, justo antes de salir a la calle, Jos\u00e9 David Apel nos ata a ese espacio de testigos que el escritor de no ficci\u00f3n reserva para la sombra lectora, y nos advierte sobre esa realidad que va a contarnos y que a \u00e9l, seg\u00fan confiesa al d\u00eda de hoy, a\u00fan no ha dejado de dolerle.<\/p>\n\n\n\n<p data-block-type=\"core\">All\u00ed estaba Jos\u00e9 David, en ese cercano 2022, cursando su Maestr\u00eda en Cine Documental en la prestigiosa Escuela de Cine y Televisi\u00f3n de San Antonio de los Ba\u00f1os.<\/p>\n\n\n\n<p data-block-type=\"core\">Extra\u00f1amente, aquella suerte de pre\u00e1mbulo que escribi\u00f3 antes de iniciar otro d\u00eda m\u00e1s \u2014otra jornada de estudio y de trabajo\u2014 aparece casi en los finales de su bit\u00e1cora, pero proyectando su luz hacia la experiencia completa en la Isla. Y contiene, como al azar, el t\u00edtulo mismo de la obra.<\/p>\n\n\n\n<p data-block-type=\"core\">Seguir sus trucos, su c\u00e1mara, su desaliento, su asombro, el goce del aprendizaje y la intensidad de cada vivencia que cabalga sobre su <em>pensamiento rizom\u00e1tico<\/em>, nos obliga a sentir, irremediablemente, c\u00f3mo tambalean sus creencias y sus ilusiones. C\u00f3mo tiemblan, confundidos, los cimientos ideol\u00f3gicos sobre los que todo eso se construye.<\/p>\n\n\n\n<p data-block-type=\"core\">C\u00f3mo ese ruido sordo, escrito y filmado en este libro con delectaci\u00f3n de artista, no puede evitar ser tambi\u00e9n el eco de la angustia de un pa\u00eds en ruinas que a\u00fan pretende levantarse frente a la indiferencia de un mundo que, quiz\u00e1 como nosotros mismos, todav\u00eda no lo ha sabido, no lo ha podido, no lo ha querido ver.<\/p>\n<\/div><\/div><a class=\"stk-link stk-block-link stk--transparent-overlay\" href=\"https:\/\/articulo.mercadolibre.com.ar\/MLA-1938487994-esto-no-es-una-ficcion-jose-david-apel-_JM\" aria-hidden=\"true\" tabindex=\"-1\"><\/a><\/div><\/div>\n<\/div><\/div><\/div>\n\n\n\n<div class=\"wp-block-stackable-column stk-block-column stk-column stk-block stk-4f3fc43\" data-v=\"4\" data-block-id=\"4f3fc43\"><style>.stk-4f3fc43-container{margin-top:0px !important;margin-right:0px !important;margin-bottom:0px !important;margin-left:0px !important;}<\/style><div class=\"stk-column-wrapper stk-block-column__content stk-container stk-4f3fc43-container stk--no-background stk--no-padding\"><div class=\"stk-block-content stk-inner-blocks stk-4f3fc43-inner-blocks\">\n<div class=\"wp-block-stackable-card stk-block-card stk-block stk-bea2667 is-style-default\" data-v=\"2\" data-block-id=\"bea2667\"><style>.stk-bea2667 .stk-block-card__image{height:686px !important;}<\/style><div class=\"stk--no-padding stk-container stk-bea2667-container stk-hover-parent\"><figure class=\"stk-block-card__image stk-img-wrapper stk-image--shape-stretch\"><img loading=\"lazy\" decoding=\"async\" class=\"stk-img wp-image-925\" src=\"http:\/\/joseapel.net\/wp-content\/uploads\/2025\/04\/Montefiore-solo-tapa.jpg\" width=\"615\" height=\"826\" srcset=\"https:\/\/joseapel.net\/wp-content\/uploads\/2025\/04\/Montefiore-solo-tapa.jpg 615w, https:\/\/joseapel.net\/wp-content\/uploads\/2025\/04\/Montefiore-solo-tapa-223x300.jpg 223w\" sizes=\"auto, (max-width: 615px) 100vw, 615px\" \/><\/figure><div class=\"stk-container-padding stk-block-card__content\"><div class=\"stk-block-content stk-inner-blocks stk-bea2667-inner-blocks\">\n<div class=\"wp-block-stackable-heading stk-block-heading stk-block-heading--v2 stk-block stk-954d2a5\" id=\"montefiore\" data-block-id=\"954d2a5\"><style>.stk-954d2a5 {margin-bottom:0px !important;}.stk-954d2a5 .stk-block-heading__text{color:var(--theme-palette-color-1, #e65616) !important;}<\/style><h3 class=\"stk-block-heading__text has-text-color\">Montefiore<\/h3><\/div>\n\n\n\n<div class=\"wp-block-stackable-text stk-block-text stk-block stk-b9efb66\" data-block-id=\"b9efb66\"><style>.stk-b9efb66 {margin-bottom:32px !important;}<\/style><p class=\"stk-block-text__text\">Montefiore fue mi primer obra literaria.<\/p><\/div>\n\n\n\n<p data-block-type=\"core\">Escrita en 2007 con apenas 22 a\u00f1os Montefiore cuenta la historia de un lugar en donde todo puede pasar. Un pueblo perdido en el medio de la extensa llanura santafesina, en donde se entrecruzan historias de las m\u00e1s disparatadas. Fundamentalistas nazis, isl\u00e1micos y servios, judios capitalistas empedernidos y un gran muro que divide el pueblo a la mitad, hacen de Montefiore y sus habitantes una ciudad imaginaria e historia con matices del mundo en que vivimos.<\/p>\n\n\n\n<p data-block-type=\"core\">Una s\u00e1tira de mundo occidental y oriental expresada en cuentos que relatan historias atrapantes y de un humor altamente corrosivo.<\/p>\n<\/div><\/div><a class=\"stk-link stk-block-link stk--transparent-overlay\" href=\"https:\/\/articulo.mercadolibre.com.ar\/MLA-2055380318-montefiore-libro-de-ficcion-jose-david-apel-_JM\" aria-hidden=\"true\" tabindex=\"-1\"><\/a><\/div><\/div>\n<\/div><\/div><\/div>\n\n\n\n<div class=\"wp-block-stackable-column stk-block-column stk-column stk-block stk-872fe38\" data-v=\"4\" data-block-id=\"872fe38\"><style>.stk-872fe38-container{margin-top:0px !important;margin-right:0px !important;margin-bottom:0px !important;margin-left:0px !important;}<\/style><div class=\"stk-column-wrapper stk-block-column__content stk-container stk-872fe38-container stk--no-background stk--no-padding\"><div class=\"stk-block-content stk-inner-blocks stk-872fe38-inner-blocks\">\n<div class=\"wp-block-stackable-card stk-block-card stk-block stk-1e01e8f is-style-default\" data-v=\"2\" data-block-id=\"1e01e8f\"><style>.stk-1e01e8f .stk-block-card__image{height:668px !important;}<\/style><div class=\"stk--no-padding stk-container stk-1e01e8f-container stk-hover-parent\"><figure class=\"stk-block-card__image stk-img-wrapper stk-image--shape-stretch\"><img loading=\"lazy\" decoding=\"async\" class=\"stk-img wp-image-946\" src=\"http:\/\/joseapel.net\/wp-content\/uploads\/2025\/04\/WhatsApp-Image-2025-04-17-at-12.54.13.jpeg\" width=\"1146\" height=\"1600\" srcset=\"https:\/\/joseapel.net\/wp-content\/uploads\/2025\/04\/WhatsApp-Image-2025-04-17-at-12.54.13.jpeg 1146w, https:\/\/joseapel.net\/wp-content\/uploads\/2025\/04\/WhatsApp-Image-2025-04-17-at-12.54.13-215x300.jpeg 215w, https:\/\/joseapel.net\/wp-content\/uploads\/2025\/04\/WhatsApp-Image-2025-04-17-at-12.54.13-733x1024.jpeg 733w, https:\/\/joseapel.net\/wp-content\/uploads\/2025\/04\/WhatsApp-Image-2025-04-17-at-12.54.13-768x1072.jpeg 768w, https:\/\/joseapel.net\/wp-content\/uploads\/2025\/04\/WhatsApp-Image-2025-04-17-at-12.54.13-1100x1536.jpeg 1100w\" sizes=\"auto, (max-width: 1146px) 100vw, 1146px\" \/><\/figure><div class=\"stk-container-padding stk-block-card__content\"><div class=\"stk-block-content stk-inner-blocks stk-1e01e8f-inner-blocks\">\n<div class=\"wp-block-stackable-heading stk-block-heading stk-block-heading--v2 stk-block stk-7709b9b\" id=\"el-amor-existe-atando-ligas\" data-block-id=\"7709b9b\"><style>.stk-7709b9b {margin-bottom:8px !important;}.stk-7709b9b .stk-block-heading__text{color:var(--theme-palette-color-1, #e65616) !important;}<\/style><h3 class=\"stk-block-heading__text has-text-color\">El amor existe atando ligas<\/h3><\/div>\n\n\n\n<div class=\"wp-block-stackable-text stk-block-text stk-block stk-7f4e73a\" data-block-id=\"7f4e73a\"><style>.stk-7f4e73a {margin-bottom:32px !important;}<\/style><p class=\"stk-block-text__text\">Escrito en el a\u00f1o 2009.<br><br>Si bien es dif\u00edcil explicar con palabras el sentimiento de amor, en este sencillo pero profundo libro se intena ejemplificar con versos y escritos el sentimiento a flor de piel de amor hacia una mujer y su posterior &#8220;ascenso&#8221; m\u00edstico hacia un amor divino, fuera de los par\u00e1metros terrenales que rigen a la mayor\u00eda de los mortales.<br>&#8220;El amor existe atando ligas en el coraz\u00f3n&#8221; es el recorrido de un hombre en el transitar del amar, primero hacia una mujer, posteriormente a Jah como \u00fanico Dios, como figura divina, su acercamiento hacia el sexo opuesto y su poterior alejamiento hacia los confines de una monta\u00f1a m\u00e1gica, la que se encumbra en los intrincados recorridos de un sentimiento m\u00edstico.<\/p><\/div>\n<\/div><\/div><a class=\"stk-link stk-block-link stk--transparent-overlay\" href=\"https:\/\/articulo.mercadolibre.com.ar\/MLA-2056934968-el-amor-existe-atando-ligas-en-el-corazon-jose-david-apel-_JM\" aria-hidden=\"true\" tabindex=\"-1\"><\/a><\/div><\/div>\n<\/div><\/div><\/div>\n<\/div><\/div>\n<\/div><\/div><\/div>\n<\/div><\/div>\n\n\n\n<p data-block-type=\"core\"><\/p>","protected":false},"excerpt":{"rendered":"<p>En esta p\u00e1gina podes ver mis obras literarias publicadas y haciendo click en cada una de ellas ir al sitio de compra. Esto no es una ficci\u00f3n Escrito en el a\u00f1o 2022. Esto no es una ficci\u00f3n es mi \u00faltima obra literaria, en su pr\u00f3logo Silvia Beltran escritora premiada santafesina y directora de la editorial [&hellip;]<\/p>","protected":false},"author":1,"featured_media":0,"parent":0,"menu_order":0,"comment_status":"closed","ping_status":"closed","template":"","meta":{"footnotes":""},"class_list":["post-919","page","type-page","status-publish","hentry"],"blocksy_meta":[],"aioseo_notices":[],"jetpack_sharing_enabled":true,"_links":{"self":[{"href":"https:\/\/joseapel.net\/en\/wp-json\/wp\/v2\/pages\/919","targetHints":{"allow":["GET"]}}],"collection":[{"href":"https:\/\/joseapel.net\/en\/wp-json\/wp\/v2\/pages"}],"about":[{"href":"https:\/\/joseapel.net\/en\/wp-json\/wp\/v2\/types\/page"}],"author":[{"embeddable":true,"href":"https:\/\/joseapel.net\/en\/wp-json\/wp\/v2\/users\/1"}],"replies":[{"embeddable":true,"href":"https:\/\/joseapel.net\/en\/wp-json\/wp\/v2\/comments?post=919"}],"version-history":[{"count":9,"href":"https:\/\/joseapel.net\/en\/wp-json\/wp\/v2\/pages\/919\/revisions"}],"predecessor-version":[{"id":959,"href":"https:\/\/joseapel.net\/en\/wp-json\/wp\/v2\/pages\/919\/revisions\/959"}],"wp:attachment":[{"href":"https:\/\/joseapel.net\/en\/wp-json\/wp\/v2\/media?parent=919"}],"curies":[{"name":"wp","href":"https:\/\/api.w.org\/{rel}","templated":true}]}}